{"id":5227,"date":"2021-02-10T14:16:59","date_gmt":"2021-02-10T13:16:59","guid":{"rendered":"https:\/\/hausalpenblick.at\/contact-directions\/"},"modified":"2024-10-23T06:36:45","modified_gmt":"2024-10-23T04:36:45","slug":"contact-directions","status":"publish","type":"page","link":"https:\/\/hausalpenblick.at\/en\/contact-directions\/","title":{"rendered":"Contact | Directions"},"content":{"rendered":"<section class=\"wpb-content-wrapper\"><p>[vc_row][vc_column][vc_empty_space height=&#8221;50&#8243;][\/vc_column][\/vc_row][vc_row content_placement=&#8221;middle&#8221;][vc_column width=&#8221;1\/2&#8243;][vc_column_text]<\/p>\n<h3 style=\"text-align: center;\"><span style=\"color: #657749;\">Get in contact with us<\/span><\/h3>\n<hr \/>\n<p style=\"text-align: center;\"><span style=\"color: #35393e;\">House Alpenblick Schr\u00f6cken<br \/>\n<\/span>Simon Schwarzmann<br \/>\n<span style=\"color: #35393e;\">Ne\u00dflegg 85 | A 6888 Schr\u00f6cken<\/span><br \/>\n<span style=\"color: #35393e;\">+43 664 262 50 41 | <\/span><span \n                data-original-string=\"J5ZWmb2uwIedvvY9eXLamA==653\/k1+iOxV62ekTcUqOgx9NTNmR1nbOUYQKWNeDK\/hbwQ=\"\n                class=\"apbct-email-encoder\"\n                title=\"This contact has been encoded by Anti-Spam by CleanTalk. Click to decode. To finish the decoding make sure that JavaScript is enabled in your browser.\">an<span class=\"apbct-blur\">*****<\/span>@<span class=\"apbct-blur\">************<\/span>ck.at<\/span><\/p>\n<p>[\/vc_column_text][vc_btn title=&#8221;Check in online here&#8221; style=&#8221;outline-custom&#8221; outline_custom_color=&#8221;#657749&#8243; outline_custom_hover_background=&#8221;#ffffff&#8221; outline_custom_hover_text=&#8221;#657749&#8243; shape=&#8221;square&#8221; align=&#8221;center&#8221; link=&#8221;url:https%3A%2F%2Fwww.easy-booking.at%2FclientWeb001%2F%23%2F6092%2F2%2Fmeldewesen%2F|target:_blank|&#8221;][vc_btn title=&#8221;Route planner&#8221; style=&#8221;outline-custom&#8221; outline_custom_color=&#8221;#657749&#8243; outline_custom_hover_background=&#8221;#ffffff&#8221; outline_custom_hover_text=&#8221;#657749&#8243; shape=&#8221;square&#8221; align=&#8221;center&#8221; link=&#8221;url:https%3A%2F%2Fmaps.app.goo.gl%2Fg4aQoZFX1YZEFoZD6|target:_blank&#8221;][\/vc_column][vc_column width=&#8221;1\/2&#8243;][vc_column_text]<img loading=\"lazy\" decoding=\"async\" class=\"alignnone wp-image-4598 size-full\" src=\"https:\/\/hausalpenblick.at\/wp-content\/uploads\/2022\/07\/alpenblick_sch_so_2022_2.jpg\" alt=\"\" width=\"1000\" height=\"500\" srcset=\"https:\/\/hausalpenblick.at\/wp-content\/uploads\/2022\/07\/alpenblick_sch_so_2022_2.jpg 1000w, https:\/\/hausalpenblick.at\/wp-content\/uploads\/2022\/07\/alpenblick_sch_so_2022_2-300x150.jpg 300w, https:\/\/hausalpenblick.at\/wp-content\/uploads\/2022\/07\/alpenblick_sch_so_2022_2-768x384.jpg 768w\" sizes=\"auto, (max-width: 1000px) 100vw, 1000px\" \/>[\/vc_column_text][\/vc_column][\/vc_row][vc_row][vc_column][vc_empty_space height=&#8221;50&#8243;][\/vc_column][\/vc_row][vc_row full_width=&#8221;stretch_row&#8221; css=&#8221;.vc_custom_1614249960774{background-image: url(https:\/\/hausalpenblick.at\/wp-content\/uploads\/2021\/02\/hg_apt_alpenblick.jpg?id=4204) !important;background-position: center !important;background-repeat: no-repeat !important;background-size: cover !important;}&#8221;][vc_column][vc_empty_space][vc_text_separator title=&#8221;&#8221; i_icon_fontawesome=&#8221;fas fa-envelope&#8221; i_color=&#8221;white&#8221; color=&#8221;white&#8221; add_icon=&#8221;true&#8221;][vc_tta_accordion style=&#8221;outline&#8221; shape=&#8221;square&#8221; color=&#8221;white&#8221; active_section=&#8221;0&#8243; no_fill=&#8221;true&#8221; collapsible_all=&#8221;true&#8221;][vc_tta_section title=&#8221;Inquiry form&#8221; tab_id=&#8221;1616510878633-3053d099-7c64&#8243;][vc_raw_js]JTNDZGl2JTIwaWQlM0QlMjJlYk9mZmVyJTIyJTNFJTNDJTJGZGl2JTNFJTBBJTNDc2NyaXB0JTIwdHlwZSUzRCUyMnRleHQlMkZqYXZhc2NyaXB0JTIyJTNFJTBBJTIwJTIwJTIwJTIwdmFyJTIwZWJiZUJhc2VQYXRoJTIwJTNEJTIwJTIyJTJGJTJGZWFzeS1ib29raW5nLmF0JTIyJTNCJTBBJTIwJTIwJTIwJTIwZnVuY3Rpb24lMjBsb2FkU2NyaXB0JTI4dXJsJTJDJTIwY2FsbGJhY2slMjklMjAlN0IlMEElMjAlMjAlMjAlMjB2YXIlMjBzY3JpcHQlMjAlM0QlMjBkb2N1bWVudC5jcmVhdGVFbGVtZW50JTI4JTIyc2NyaXB0JTIyJTI5JTNCJTBBJTIwJTIwJTIwJTIwc2NyaXB0LnR5cGUlMjAlM0QlMjAlMjJ0ZXh0JTJGamF2YXNjcmlwdCUyMiUzQiUwQSUyMCUyMCUyMCUyMHNjcmlwdC5zcmMlMjAlM0QlMjB1cmwlM0IlMEElMjAlMjAlMjAlMjBzY3JpcHQub25sb2FkJTIwJTNEJTIwZnVuY3Rpb24lMjAlMjglMjklMjAlN0IlMEElMjAlMjAlMjAlMjAlMjAlMjAlMjAlMjBjYWxsYmFjayUyOCUyOSUzQiUwQSUyMCUyMCUyMCUyMCU3RCUzQiUwQSUyMCUyMCUyMCUyMGRvY3VtZW50LmhlYWQuYXBwZW5kQ2hpbGQlMjhzY3JpcHQlMjklM0IlMEElMjAlMjAlMjAlMjAlN0QlMEElMjAlMjAlMjAlMjBsb2FkU2NyaXB0JTI4ZWJiZUJhc2VQYXRoJTIwJTJCJTIwJTIyJTJGZW5xdWlyeUZvcm0lMkZlYXN5Ym9va2luZy5lbnF1aXJ5LmpzJTIyJTJDJTIwZnVuY3Rpb24lMjAlMjglMjklMjAlN0IlMEElMjAlMjAlMjAlMjAlMjAlMjAlMjAlMjBlYkVucXVpcnlWdWUlMjglMjJlYk9mZmVyJTIyJTJDJTIwJTdCJTBBJTIwJTIwJTIwJTIwJTIwJTIwJTIwJTIwJTIwJTIwJTIwJTIwY3VzdG9tZXJJZCUzQSUyMDYwOTIlMkMlMEElMjAlMjAlMjAlMjAlMjAlMjAlMjAlMjAlMjAlMjAlMjAlMjBzZXJpYWxObyUzQSUyMCUyMjIwODItNDI2MC01MDU0JTIyJTJDJTBBJTIwJTIwJTIwJTIwJTIwJTIwJTIwJTIwJTIwJTIwJTIwJTIwbG9jYWxlSWQlM0ElMjAxJTJDJTIwJTBBJTIwJTIwJTIwJTIwJTIwJTIwJTIwJTIwJTIwJTIwJTIwJTIwY2F0ZWdvcnlMYXlvdXQlM0ElMjAlMjIyJTIyJTJDJTBBJTIwJTIwJTIwJTIwJTIwJTIwJTIwJTIwJTIwJTIwJTIwJTIwaGlkZU51bWJlck9mQ2hpbGRyZW4lM0ElMjAlMjJmYWxzZSUyMiUyQyUwQSUyMCUyMCUyMCUyMCUyMCUyMCUyMCUyMCUyMCUyMCUyMCUyMHNvdXJjZSUzQSUyMCUyMiUyMiUyQyUwQSUyMCUyMCUyMCUyMCUyMCUyMCUyMCUyMCUyMCUyMCUyMCUyMGNvbW1lbnQlM0ElMjAlMjIlMjIlMkMlMEElMjAlMjAlMjAlMjAlMjAlMjAlMjAlMjAlMjAlMjAlMjAlMjBndG1ETCUzQSUyMCUyMmRhdGFMYXllciUyMiUyQyUwQSUyMCUyMCUyMCUyMCUyMCUyMCUyMCUyMCU3RCUyOSUzQiUwQSUyMCUyMCUyMCUyMCU3RCUyOSUzQiUwQSUzQyUyRnNjcmlwdCUzRQ==[\/vc_raw_js][\/vc_tta_section][\/vc_tta_accordion][vc_empty_space][\/vc_column][\/vc_row][vc_row full_width=&#8221;stretch_row&#8221; css=&#8221;.vc_custom_1616759595454{background-image: url(https:\/\/hausalpenblick.at\/wp-content\/uploads\/2021\/03\/kontakt_footer.jpg?id=4480) !important;background-position: center !important;background-repeat: no-repeat !important;background-size: cover !important;}&#8221;][vc_column][vc_text_separator title=&#8221;&#8221; i_icon_fontawesome=&#8221;fas fa-home&#8221; i_color=&#8221;white&#8221; color=&#8221;white&#8221; el_width=&#8221;70&#8243; add_icon=&#8221;true&#8221;][vc_row_inner][vc_column_inner width=&#8221;1\/4&#8243;][vc_btn title=&#8221;Webcam &amp; Weather&#8221; style=&#8221;outline&#8221; shape=&#8221;square&#8221; color=&#8221;white&#8221; align=&#8221;center&#8221; i_icon_fontawesome=&#8221;fas fa-video&#8221; button_block=&#8221;true&#8221; add_icon=&#8221;true&#8221; link=&#8221;url:https%3A%2F%2Fhausalpenblick.at%2Fen%2Fweather-webcam%2F|title:Weather%20%26%20Webcam&#8221;][\/vc_column_inner][vc_column_inner width=&#8221;1\/4&#8243;][vc_btn title=&#8221;Rice insurance&#8221; style=&#8221;outline&#8221; shape=&#8221;square&#8221; color=&#8221;white&#8221; align=&#8221;center&#8221; i_icon_fontawesome=&#8221;fas fa-globe-americas&#8221; button_block=&#8221;true&#8221; add_icon=&#8221;true&#8221; link=&#8221;url:https%3A%2F%2Fwww.europaeische.at%2Fen%2F|target:_blank&#8221;][\/vc_column_inner][vc_column_inner width=&#8221;1\/4&#8243;][vc_btn title=&#8221;Prices&#8221; style=&#8221;outline&#8221; shape=&#8221;square&#8221; color=&#8221;white&#8221; align=&#8221;center&#8221; i_icon_fontawesome=&#8221;fas fa-euro-sign&#8221; button_block=&#8221;true&#8221; add_icon=&#8221;true&#8221; link=&#8221;url:https%3A%2F%2Fhausalpenblick.at%2Fpreise%2F|title:Prices|&#8221;][\/vc_column_inner][vc_column_inner width=&#8221;1\/4&#8243;][vc_btn title=&#8221;Book&#8221; style=&#8221;outline&#8221; shape=&#8221;square&#8221; color=&#8221;white&#8221; align=&#8221;center&#8221; i_icon_fontawesome=&#8221;fas fa-calendar-check&#8221; button_block=&#8221;true&#8221; add_icon=&#8221;true&#8221; link=&#8221;url:https%3A%2F%2Fhausalpenblick.at%2Fen%2Fbooking%2F|title:Book&#8221;][\/vc_column_inner][\/vc_row_inner][vc_empty_space height=&#8221;40&#8243;][\/vc_column][\/vc_row]<\/p>\n<\/section>","protected":false},"excerpt":{"rendered":"<p class=\"card-text\">[vc_row][vc_column][vc_empty_space height=&#8221;50&#8243;][\/vc_column][\/vc_row][vc_row content_placement=&#8221;middle&#8221;][vc_column width=&#8221;1\/2&#8243;][vc_column_text] Get in contact with us House Alpenblick Schr\u00f6cken Simon Schwarzmann Ne\u00dflegg 85 | A 6888 Schr\u00f6cken +43 664 262 50 41 | an*****@************ck.at [\/vc_column_text][vc_btn title=&#8221;Check in online here&#8221; style=&#8221;outline-custom&#8221; outline_custom_color=&#8221;#657749&#8243; outline_custom_hover_background=&#8221;#ffffff&#8221; outline_custom_hover_text=&#8221;#657749&#8243; shape=&#8221;square&#8221; align=&#8221;center&#8221; link=&#8221;url:https%3A%2F%2Fwww.easy-booking.at%2FclientWeb001%2F%23%2F6092%2F2%2Fmeldewesen%2F|target:_blank|&#8221;][vc_btn title=&#8221;Route planner&#8221; style=&#8221;outline-custom&#8221; outline_custom_color=&#8221;#657749&#8243; outline_custom_hover_background=&#8221;#ffffff&#8221; outline_custom_hover_text=&#8221;#657749&#8243; shape=&#8221;square&#8221; align=&#8221;center&#8221; link=&#8221;url:https%3A%2F%2Fmaps.app.goo.gl%2Fg4aQoZFX1YZEFoZD6|target:_blank&#8221;][\/vc_column][vc_column width=&#8221;1\/2&#8243;][vc_column_text][\/vc_column_text][\/vc_column][\/vc_row][vc_row][vc_column][vc_empty_space height=&#8221;50&#8243;][\/vc_column][\/vc_row][vc_row full_width=&#8221;stretch_row&#8221; css=&#8221;.vc_custom_1614249960774{background-image: url(https:\/\/hausalpenblick.at\/wp-content\/uploads\/2021\/02\/hg_apt_alpenblick.jpg?id=4204) !important;background-position: center [&#8230;]<\/p>\n<p class=\"m-0\"><a class=\"btn btn-outline-secondary btn-read-more\" href=\"https:\/\/hausalpenblick.at\/en\/contact-directions\/\">Read More<\/a><\/p>\n","protected":false},"author":3,"featured_media":0,"parent":0,"menu_order":0,"comment_status":"closed","ping_status":"closed","template":"","meta":{"footnotes":""},"class_list":["post-5227","page","type-page","status-publish","hentry"],"jetpack_sharing_enabled":true,"_links":{"self":[{"href":"https:\/\/hausalpenblick.at\/en\/wp-json\/wp\/v2\/pages\/5227","targetHints":{"allow":["GET"]}}],"collection":[{"href":"https:\/\/hausalpenblick.at\/en\/wp-json\/wp\/v2\/pages"}],"about":[{"href":"https:\/\/hausalpenblick.at\/en\/wp-json\/wp\/v2\/types\/page"}],"author":[{"embeddable":true,"href":"https:\/\/hausalpenblick.at\/en\/wp-json\/wp\/v2\/users\/3"}],"replies":[{"embeddable":true,"href":"https:\/\/hausalpenblick.at\/en\/wp-json\/wp\/v2\/comments?post=5227"}],"version-history":[{"count":5,"href":"https:\/\/hausalpenblick.at\/en\/wp-json\/wp\/v2\/pages\/5227\/revisions"}],"predecessor-version":[{"id":5317,"href":"https:\/\/hausalpenblick.at\/en\/wp-json\/wp\/v2\/pages\/5227\/revisions\/5317"}],"wp:attachment":[{"href":"https:\/\/hausalpenblick.at\/en\/wp-json\/wp\/v2\/media?parent=5227"}],"curies":[{"name":"wp","href":"https:\/\/api.w.org\/{rel}","templated":true}]}}